{"id":5903,"date":"2018-05-25T19:35:36","date_gmt":"2018-05-25T19:35:36","guid":{"rendered":"http:\/\/www.moviecops.ch\/wordpress\/?page_id=5903"},"modified":"2018-05-26T17:22:10","modified_gmt":"2018-05-26T17:22:10","slug":"datenschutzerklarung","status":"publish","type":"page","link":"https:\/\/www.moviecops.ch\/wordpress\/?page_id=5903","title":{"rendered":"Datenschutzerkl\u00e4rung"},"content":{"rendered":"<h2>Wer wir sind<\/h2>\n<p>Unsere Webadresse lautet: <a href=\"https:\/\/www.moviecops.ch\/wordpress\" rel=\"noopener\" target=\"_blank\"><strong>https:\/\/www.moviecops.ch\/wordpress<\/strong><\/a><\/p>\n<p>Diese Webseite ist ein Non-Profit Informationsportal zum Thema Film und bieten entsprechend Filmkritiken in schriftlicher und filmischer Form, sowie Interviews und Berichte \u00fcber filmbezogene Veranstaltungen.<\/p>\n<p>Wir nehmen den Schutz personenbezogener Daten sehr ernst. <strong>MovieCops.ch<\/strong> verarbeitet personenbezogene Daten nur, sofern das Gesetz die Datenverarbeitung erlaubt oder wenn eine Zustimmung zur Verarbeitung der Daten erteilt wurde. Personenbezogene Daten werden, au\u00dfer aufgrund gesetzlicher Bestimmungen, nicht an Dritte weitergegeben. Mit der Nutzung unserer Dienste stimmst Du den Bedingungen zu.<\/p>\n<h2>Welche pers\u00f6nlichen Daten gesammelt werden und warum<\/h2>\n<h3>Kommentare<\/h3>\n<p>Wenn Besucher Kommentare verfassen, sammeln wir die im Kommentar-Formular angezeigten Daten sowie die IP-Adresse des Seitenbesuchers und den sogenannten &#8220;browser user agent string&#8221; um Spam zu identifizieren.<\/p>\n<p>Ein anonymisierter solcher &#8220;string&#8221; wird anhand der E-mail Adresse erstellt (auch &#8220;hash&#8221; genannt) und kann dem <a href=\"https:\/\/de.gravatar.com\" rel=\"noopener\" target=\"_blank\"><strong>Gravatar<\/strong><\/a> Service zur Verf\u00fcgung gestellt werden um festzustellen, ob der Seitenbesucher dies verwendet. Die Datenschutzerkl\u00e4rung vom Gravatar Service kann <a href=\"https:\/\/automattic.com\/privacy\/\" rel=\"noopener\" target=\"_blank\"><strong>hier<\/strong><\/a> eingesehen werden. Nach Freischaltung des Kommentars wird das Profilbild des Seitenbesuchers im Kontext des Kommentars angezeigt.<\/p>\n<h3>Medien<\/h3>\n<p>Wenn Bilder auf die Seite hochgeladen werden, sollte man vermeiden dies inkl. eingebetteter Ortungsdaten (EXIF GPS) zu tun. Besucher dieser Webseite k\u00f6nnen von den Bildern der Seite jegliche Ortungsdaten herunterladen.<\/p>\n<h3>Cookies<\/h3>\n<p>Hinterl\u00e4sst ein Seitenbesucher einen Kommentar auf unserer Seite kann er sich dazu entscheiden, dass sein Name, seine E-mail Adresse und seine Webseite als Cookies gespeichert werden. Dies hat den Sinn, dass der Seitenbesucher nicht bei jedem Verfassen eines Kommentars das komplette Formular ausf\u00fcllen muss. Die Cookies werden f\u00fcr ein Jahr gespeichert.<\/p>\n<p>Besitzt der Seitenbesucher einen Account mit welchem er sich auf dieser Seite einloggen, wird ein tempor\u00e4res Cookie ohne pers\u00f6nliche Daten gesetzt um festzustellen, ob der verwendete Browser Cookies akzeptiert. Dieses Cookie wird gel\u00f6scht sobald der Browser geschlossen wird.<\/p>\n<p>Meldet sich ein Besucher auf dieser Seite an, werden zus\u00e4tzlich weitere Cookies generiert, welche die Login Information und Bildschirmpr\u00e4ferenzen beinhalten. Login-Cookies werden 2 Tage gespeichert, Bildschirm-Cookies ein Jahr lang. Wird &#8220;Angemeldet bleiben&#8221; (oder eine \u00e4hnliche Funktion) ausgew\u00e4hlt, so wird das Login-Cookie f\u00fcr 2 Wochen gespeichert. Meldet sich der Besucher von der Seite ab, werden auch die Login-Cookies gel\u00f6scht.<\/p>\n<p>Wird ein Artikel editiert oder publiziert, wird ein zus\u00e4tzliches Cookie im Browser gespeichert. Dieses Cookie enth\u00e4lt keine pers\u00f6nlichen Daten und beinhaltet lediglich die &#8220;post ID&#8221; des soeben editierten\/ver\u00f6ffentlichten Artikels. Das Cookie verf\u00e4llt nach einem Tag.<\/p>\n<p>Andere m\u00f6glicherweise erstellte und hier nicht weiter explizit erw\u00e4hnte Cookies werden prinzipiell nach einem Monat automatisch gel\u00f6scht.<\/p>\n<h3>Eingebettete Inhalte anderer Webseiten<\/h3>\n<p>Artikel dieser Webseite k\u00f6nnen eingebettete Inhalte beinhalten (z.Bsp. Videos, Bilder, Artikel, usw.). Eingebettete Inhalte verhalten sich exakt gleich, als h\u00e4tte der Seitenbesucher die Quellseiten selbst (z.Bsp. youtube.com, facebook.com, instagram.com, imdb.com, usw.) besucht. Dies betrifft auch die vorhandenen Feedback-Buttons f\u00fcr Facebook, Twitter und Google+.<\/p>\n<p>Diese Webseiten k\u00f6nnen Daten \u00fcber den Seitenbesucher sammeln, Cookies verwenden, zus\u00e4tzliches&#8221;third-party tracking&#8221; beinhalten und die Interaktion des Besuchers mit den eingebetteten Inhalten \u00fcberwachen und gegebenenfalls auch verfolgen, sofern der Seitenbesucher auf diesen Seiten einen Account besitzt und angemeldet ist. F\u00fcr genauere Details sind die Datenschutzrichtlinien dieser Seiten zu konsultieren.<\/p>\n<h3>Plugins<\/h3>\n<p>Wir nutzen auf Grundlage unserer berechtigten Interessen externe Ressourcen <em>(z.Bsp. Image Banner, PHP Compatibility Checker und Invisible Captcha &#8211; nachfolgend Plugins genannt)<\/em> von Dritten. Die Plugins stellen Elemente (z.B. Teilen- oder Kommentar-Funktion) und Inhalte (z.B. Videos, Grafiken oder Textbeitr\u00e4ge) bereit.<\/p>\n<p>Damit diese Plugins funktionieren k\u00f6nnen, muss das Ger\u00e4t des Nutzers eine direkte Verbindung mit den Servern des Plugin-Anbieters aufbauen um die Inhalte des Plugins zu laden. Dabei k\u00f6nnten vom Plugin-Anbieter Nutzungsprofile des Nutzers erstellt werden. Beim Aufruf des Plugins besteht die M\u00f6glichkeit, dass der Plugin-Anbieter die IP-Adresse des Nutzers in Erfahrung bringt und speichert. Wir haben keinen Einfluss auf den Umfang der Daten, die der Plugin-Anbieter erhebt.<\/p>\n<h3>Analytics<\/h3>\n<p>Zur Erstellung von Statistiken \u00fcber den Besucherverkehr werden Daten gesammelt (z.Bsp. Herkunftsland, verwendeter Browser, usw.), welche vom Seitenbetreiber nicht aktiv geteilt werden. Weitere Informationen befinden sich im n\u00e4chsten Absatz.<\/p>\n<h3>Kontaktaufnahme<\/h3>\n<p>Da wir kein Kontaktformular anbieten erfolgt jegliche Kontaktaufnahme per E-mail (z.Bsp. an <a href=\"mailto:goodcop@moviecops.ch\">goodcop@moviecops.ch<\/a>). Sofern wir nicht aus rechtlichen Gr\u00fcnden dazu gezwungen sind, leiten wir keine E-mails an externe Parteien ausserhalb unserer Domain <strong>MovieCops.ch<\/strong> weiter. Die erhaltenen Nachrichten inkl. der darin enthaltenen Daten werden bis zur endg\u00fcltigen Erledigung der Anfrage innerhalb des durch unseren Provider (<a href=\"https:\/\/www.cyon.ch\" rel=\"noopener\" target=\"_blank\">cyon.ch<\/a> | <a href=\"https:\/\/www.cyon.ch\/legal\/privacy\" rel=\"noopener\" target=\"_blank\">Datenschutz<\/a>) zur Verf\u00fcgung gestellten E-mail Programs gespeichert und danach umgehend gel\u00f6scht, sofern sie nicht aus rechtlichen Gr\u00fcnden archiviert werden m\u00fcssen.<\/p>\n<h2>Mit wem wir Daten teilen<\/h2>\n<p>Der Seitenbetreiber selbst teilt keinerlei Daten! Es ist jedoch m\u00f6glich, dass neben den erw\u00e4hnten eingebetteten Inhalten &#038; Plugins auch Daten durch WordPress.org gesammelt werden. Deren Datenschutzerkl\u00e4rung kann <a href=\"https:\/\/wordpress.org\/about\/privacy\/\" rel=\"noopener\" target=\"_blank\"><strong>hier<\/strong><\/a> eingesehen werden.<\/p>\n<h2>Wie lange wir Daten speichern<\/h2>\n<p>Hinterl\u00e4sst ein Seitenbesucher einen Kommentar, so werden der Kommentar inklusive aller Meta-Daten auf unbestimmte Zeit gespeichert. So k\u00f6nnen Folgekommentare erkannt und bewilligt werden, ohne dass sie in einer Bewilligungs-Warteschleife verharren.<\/p>\n<p>Da eine Registrierung auf unserer Seite f\u00fcr Besucher grunds\u00e4tzlich nicht m\u00f6glich ist, werden auch keine hierf\u00fcr ben\u00f6tigten Daten gespeichert und sind demnach auch f\u00fcr den Seitenbetreiber nicht zug\u00e4nglich.<\/p>\n<h2>Welche Rechte Besuchern in Bezug auf ihre Daten zustehen<\/h2>\n<p>Wenn ein Seitenbesucher Kommentare auf dieser Webseite verfasst hat, kann er den Export und die Aush\u00e4ndigung eines entsprechenden Datensatzes inkl. aller pers\u00f6nlichen zur Verf\u00fcgung gestellten und gespeicherten Daten verlangen. Der Seitenbesucher kann ebenfalls verlangen, dass jegliche pers\u00f6nlichen Daten gel\u00f6scht werden. Dies beinhaltet keine Daten, welche wir aus administrativen, rechtlichen oder sicherheitstechnischen speichern m\u00fcssen.<\/p>\n<p>Sende Deine diesbez\u00fcglichen Anfragen einfach per E-mail an <a href=\"mailto:goodcop@moviecops.ch\"><strong>goodcop@moviecops.ch<\/strong><\/a>.<\/p>\n<h2>Wohin die Seitenbesucher-Daten geschickt werden<\/h2>\n<p>Kommentare von Seitenbesuchern werden durch einen automatisierten Spam-Identifizierungs-Service \u00fcberpr\u00fcft.<\/p>\n<h2>Kontaktinformationen<\/h2>\n<p>Die Kontaktinformationen des Seitenbetreibers <em>(Kurt Meinicke)<\/em> k\u00f6nnen mit entsprechender Begr\u00fcndung per E-mail angefordert werden: <a href=\"mailto:goodcop@moviecops.ch\"><strong>goodcop@moviecops.ch<\/strong><\/a><\/p>\n<h2>Zus\u00e4tzliche Informationen<\/h2>\n<p>Pers\u00f6nliche Daten, welche wir im Rahmen von Gewinnspielen sammeln (namentlich handelt es sich um alle Daten, welche ein Teilnehmer uns per E-mail sendet), verlassen unsere hierf\u00fcr verwendeten Mailboxen nicht &#8211; und sind dort genauso gesch\u00fctzt, wie unsere eigenen Daten &#8211; und werden nach Erledigung des Verwendungszwecks (Auslosung und Versendung des Gewinns) schnellstm\u00f6glich, jedoch sp\u00e4testens eine Woche nach dem Versand, gel\u00f6scht.<\/p>\n<p>Mit Ausnahme der durch das innerhalb des WordPress-Scripts installierten <a href=\"https:\/\/jetpack.com\" rel=\"noopener\" target=\"_blank\"><strong>Jetpack<\/strong><\/a>-Plugins automatisiert erstellten Seitenstatistiken erhalten wir keine Daten von Drittanbietern.<\/p>\n","protected":false},"excerpt":{"rendered":"<p>Wer wir sind Unsere Webadresse lautet: https:\/\/www.moviecops.ch\/wordpress Diese Webseite ist ein Non-Profit Informationsportal zum Thema Film und bieten entsprechend Filmkritiken in schriftlicher und filmischer Form, sowie Interviews und Berichte \u00fcber filmbezogene Veranstaltungen. Wir nehmen den Schutz personenbezogener Daten sehr ernst. &hellip; <a href=\"https:\/\/www.moviecops.ch\/wordpress\/?page_id=5903\">Continue reading <span class=\"meta-nav\">&rarr;<\/span><\/a><\/p>\n","protected":false},"author":1,"featured_media":0,"parent":5714,"menu_order":4,"comment_status":"closed","ping_status":"closed","template":"","meta":{"jetpack_post_was_ever_published":false,"footnotes":""},"class_list":["post-5903","page","type-page","status-publish","hentry"],"jetpack_sharing_enabled":true,"jetpack_shortlink":"https:\/\/wp.me\/P5RqEv-1xd","jetpack-related-posts":[],"_links":{"self":[{"href":"https:\/\/www.moviecops.ch\/wordpress\/index.php?rest_route=\/wp\/v2\/pages\/5903","targetHints":{"allow":["GET"]}}],"collection":[{"href":"https:\/\/www.moviecops.ch\/wordpress\/index.php?rest_route=\/wp\/v2\/pages"}],"about":[{"href":"https:\/\/www.moviecops.ch\/wordpress\/index.php?rest_route=\/wp\/v2\/types\/page"}],"author":[{"embeddable":true,"href":"https:\/\/www.moviecops.ch\/wordpress\/index.php?rest_route=\/wp\/v2\/users\/1"}],"replies":[{"embeddable":true,"href":"https:\/\/www.moviecops.ch\/wordpress\/index.php?rest_route=%2Fwp%2Fv2%2Fcomments&post=5903"}],"version-history":[{"count":19,"href":"https:\/\/www.moviecops.ch\/wordpress\/index.php?rest_route=\/wp\/v2\/pages\/5903\/revisions"}],"predecessor-version":[{"id":5938,"href":"https:\/\/www.moviecops.ch\/wordpress\/index.php?rest_route=\/wp\/v2\/pages\/5903\/revisions\/5938"}],"up":[{"embeddable":true,"href":"https:\/\/www.moviecops.ch\/wordpress\/index.php?rest_route=\/wp\/v2\/pages\/5714"}],"wp:attachment":[{"href":"https:\/\/www.moviecops.ch\/wordpress\/index.php?rest_route=%2Fwp%2Fv2%2Fmedia&parent=5903"}],"curies":[{"name":"wp","href":"https:\/\/api.w.org\/{rel}","templated":true}]}}