{"id":31,"date":"2010-07-08T12:20:12","date_gmt":"2010-07-08T12:20:12","guid":{"rendered":"http:\/\/www.moviecops.ch\/wordpress\/?page_id=31"},"modified":"2018-02-18T15:08:54","modified_gmt":"2018-02-18T15:08:54","slug":"uber-uns-2","status":"publish","type":"page","link":"https:\/\/www.moviecops.ch\/wordpress\/?page_id=31","title":{"rendered":"Das &#8220;MovieCops&#8221;-Team"},"content":{"rendered":"<p><strong>Good Cop &#8211; Kurt<\/strong><\/p>\n<p>Filmsammler seit 1991 &#8211; Filmfan seit ich Filme gucken kann&#8230;<\/p>\n<p>Von 2006 bis 2013 <em>&#8220;Freier Autor&#8221;<\/em> f\u00fcr Filmkritiken bei <a href=\"http:\/\/www.moviemaze.de\" target=0>MovieMaze.de<\/a><br \/>\n(+ <a href=\"http:\/\/www.moviemaze.de\/specials\/horror-evolution.phtml\" target=0>Horror-<\/a> &#038; <a href=\"http:\/\/www.moviemaze.de\/specials\/saw-chronologie.phtml\" target=0>SAW-Special<\/a>)<\/p>\n<p>Seit Anfang 2014 schreibe ich vereinzelte Kritiken f\u00fcr das deutsche Filmmagazin <a href=\"http:\/\/www.deadline-magazin.de\" target=0>DEADLINE<\/a>.<\/p>\n<p>Bis 2012 S\u00e4nger bei <a href=\"http:\/\/www.secondhandchild.ch\" target=0>ShC (Secondhand Child)<\/a> (auf der DVD oder BD vom POSTAL Director&#8217;s Cut von Uwe Boll ist ein Musikvideo von uns zu finden &#038; f\u00fcr CHROMESKULL: LAID TO REST 2 haben wir den Titeltrack inkl. <a href=\"http:\/\/youtu.be\/_aqv2mv5wjU\" target=0>Video<\/a> beigesteuert).<\/p>\n<p>Ich bin ein absoluter <em>(Film-)<\/em>Freak (mit breitem aber absichtlich <em>unwissenschaftlichem<\/em> Filmwissen), der Filme in erster Linie als pure Unterhaltung ansieht. Tiefgr\u00fcndige Filme werden von mir nat\u00fcrlich auch sehr gesch\u00e4tzt, aber ich stelle diesbez\u00fcglich keine Anspr\u00fcche, solange ein Film mich unterhalten kann.<\/p>\n<p>Was meine schriftlichen Filmkritiken angeht:<br \/>\nIch sehe mich allgemein nicht als Kritiker, sondern versuche einfach mein &#8220;<em>subjektives Filmerlebnis objektiv aufzubereiten<\/em>&#8220;. Ich bin also ein Konsument, der f\u00fcr Konsumenten schreibt&#8230;<\/p>\n<p>Nebenbei habe ich bisher an ein paar Booklets zu Deutschen Ver\u00f6ffentlichungen mitgeschrieben (DEATH NOTE &amp; L: CHANGE THE WORLD), wobei Nando jeweils mein Auftraggeber war und die Hauptarbeit erledigt hat.<\/p>\n<p>Diesen Blog habe ich unter Anderem ins Leben gerufen, um einfach mal &#8220;<em>frei Schnauze<\/em>&#8221; \u00fcber Filme zu reden, und den Besuchern dieser Seite eine alternative Form von Filmkritiken bzw. Diskussionen anzubieten. Dabei bin ich meistens eher positiv eingestellt  und suche die zu lobenden Aspekte oft regelrecht heraus&#8230;was aber nicht heissen soll, dass es Filme bei mir grunds\u00e4tzlich einfach haben.<\/p>\n<p>Zusammen mit dem <strong>Bad Cop<\/strong> hoffe ich, dass wir Euch in Zukunft mit unterhaltsamen und augenzwinkernden Videoreviews (<em>und mehr<\/em>) versorgen d\u00fcrfen!<\/p>\n<p><a href=\"mailto:goodcop@moviecops.ch\">goodcop@moviecops.ch<\/a><\/p>\n<p>&#8212;<\/p>\n<p><strong>Bad Cop &#8211; Nando<\/strong><\/p>\n<p>Seit Kindestagen ein Filmfreak.<\/p>\n<p>Journalist aus Leidenschaft&#8230;<\/p>\n<p>Zyniker durch und durch&#8230;<\/p>\n<p>Diese drei S\u00e4tze werden mir durchaus gerecht. Ich  schreibe unter anderem f\u00fcr das deutsche <a href=\"http:\/\/www.deadline-magazin.de\" target=0>DEADLINE<\/a> Magazin und das in England  publizierte JADE SCREEN. Ansonsten bin ich auch noch Autor verschiedener  Booklets zu deutschen Ver\u00f6ffentlichungen von Filmen wie LAID TO REST, FANBOYS,  FIRE AND ICE, DEATH NOTE (<em>zusammen mit Kurt<\/em>) und der von I-On  New Media ver\u00f6ffentlichten St\u00f6rkanal-Filmreihe.<\/p>\n<p>In diesem Blog bin ich der analytische Gegenpol zum <strong>Good Cop<\/strong>, woraus interessante, kurzweilige, informative und nicht zuletzt auch lustige Diskussionen resultieren sollen.<\/p>\n<p><a href=\"mailto:badcop@moviecops.ch\">badcop@moviecops.ch<\/a><\/p>\n<p>&#8212;<\/p>\n<p><strong>The Machine &#8211; Babsi<\/strong><\/p>\n<p>Da nach unserem ersten Besuch am WEEKEND OF HORRORS meine Identit\u00e4t gel\u00fcftet wurde (immerhin konnte das Geheimnis gut drei Jahre lang geh\u00fctet werden), ist es nun an der Zeit, dass ich mich hier auch kurz vorstelle.<\/p>\n<p>Als Lebenspartnerin vom <strong>Good Cop<\/strong> hatte ich von Anfang an keine andere Wahl, als hier mitzumachen. Kurzerhand wurde mir die Kamera anvertraut (bzw. wurde sie mir einfach mit den Worten <em>&#8220;Mach mal!&#8221;<\/em> in die Hand gedr\u00fcckt) und so war ich bereits beim allerersten <em>Teaser<\/em> mit dabei. Gl\u00fccklicherweise bin ich aber selbst in Filme aller Art vernarrt (was &#8211; im Gegensatz zum <strong>Good Cop<\/strong> &#8211; auch Dramen beinhaltet), weswegen mir die ganze <strong>MovieCops<\/strong>-Arbeit riesigen Spass macht!<\/p>\n<p>Das Stichwort <em>&#8220;Weiterentwicklung&#8221;<\/em> ist mir hierbei sehr wichtig, weswegen wir alle immerzu versuchen, uns konstant zu verbessern. Ich hoffe, ihr habt viel Spass uns dabei zuzusehen!<\/p>\n<p>Seit M\u00e4rz 2017 produziere ich meine eigene, filmbezogene Video-Reihe:<br \/>\nAls <strong>Spleen Machine<\/strong> befasse ich mich mit Schauspielern und lasse deren bisheriges Schaffen Revue passieren. Ich m\u00f6chte damit ein Kontrast-Programm zu den beiden Cops anbieten, da sie ja jeweils die Filme in den Mittelpunkt stellen.<\/p>\n<p>Ich w\u00fcnsche allen Filmfans, dass sie damit gut und informativ unterhalten werden.<\/p>\n<p><a href=\"mailto:themachine@moviecops.ch\">themachine@moviecops.ch<\/a><\/p>\n<p>&#8212;<\/p>\n<p><strong>Verdeckter Ermittler \u2013 Stephan<\/strong><\/p>\n<p>Aufgewachsen in der finsteren Tristesse des gro\u00dfz\u00fcgig bewaldeten Th\u00fcringer Mittelgebirges entdeckte ich bereits mit jungen Jahren meine Leidenschaft f\u00fcr Filme und Musik \u2013 dabei habe ich nichts gegen Multimorbidit\u00e4t und Obsz\u00f6nit\u00e4ten bis hin zum L\u00e4cherlichen einzuwenden!<\/p>\n<p>Nach ersten Erfahrungen, die ich als Musiker in mehreren Bands und Projekten sammeln konnte, wuchs mit meiner Begeisterung f\u00fcr akustische Grenzerfahrungen ebenso die Gr\u00f6\u00dfe meiner Film- und Merchandisesammlung an. Bald begann ich die Arbeit an eigenen Soundtracks, aus der bis heute ein relevanter Teil meines Schaffens besteht.<\/p>\n<p>Erfahrung als Autor konnte ich bereits bei mehreren Blogs sammeln, die ich in eloquenter und nicht ganz satirefreier Manier mit Rezensionen \u00fcber Filme und Serien begl\u00fccken konnte.<\/p>\n<p>Aktuell arbeite ich an einem Buch \u00fcber Hexenj\u00e4ger-Filme, die mir sehr am Herzen liegen, und bereite ebenso eine Soundtrack-Interpretation dazu vor.<\/p>\n<p>Ich bin ein Mann der Superlative und hoffe, ich kann das Team der <strong>Moviecops<\/strong> mit geistigen Erg\u00fcssen bestm\u00f6glich erg\u00e4nzen.<br \/>\nIch w\u00fcnsche euch und vor allem mir viel Spa\u00df.<\/p>\n<p><a href=\"mailto:ermittlungen@moviecops.ch\">ermittlungen@moviecops.ch<\/a><\/p>\n","protected":false},"excerpt":{"rendered":"<p>Good Cop &#8211; Kurt Filmsammler seit 1991 &#8211; Filmfan seit ich Filme gucken kann&#8230; Von 2006 bis 2013 &#8220;Freier Autor&#8221; f\u00fcr Filmkritiken bei MovieMaze.de (+ Horror- &#038; SAW-Special) Seit Anfang 2014 schreibe ich vereinzelte Kritiken f\u00fcr das deutsche Filmmagazin DEADLINE. &hellip; <a href=\"https:\/\/www.moviecops.ch\/wordpress\/?page_id=31\">Continue reading <span class=\"meta-nav\">&rarr;<\/span><\/a><\/p>\n","protected":false},"author":1,"featured_media":0,"parent":5714,"menu_order":2,"comment_status":"closed","ping_status":"open","template":"","meta":{"jetpack_post_was_ever_published":false,"footnotes":""},"class_list":["post-31","page","type-page","status-publish","hentry"],"jetpack_sharing_enabled":true,"jetpack_shortlink":"https:\/\/wp.me\/P5RqEv-v","jetpack-related-posts":[],"_links":{"self":[{"href":"https:\/\/www.moviecops.ch\/wordpress\/index.php?rest_route=\/wp\/v2\/pages\/31","targetHints":{"allow":["GET"]}}],"collection":[{"href":"https:\/\/www.moviecops.ch\/wordpress\/index.php?rest_route=\/wp\/v2\/pages"}],"about":[{"href":"https:\/\/www.moviecops.ch\/wordpress\/index.php?rest_route=\/wp\/v2\/types\/page"}],"author":[{"embeddable":true,"href":"https:\/\/www.moviecops.ch\/wordpress\/index.php?rest_route=\/wp\/v2\/users\/1"}],"replies":[{"embeddable":true,"href":"https:\/\/www.moviecops.ch\/wordpress\/index.php?rest_route=%2Fwp%2Fv2%2Fcomments&post=31"}],"version-history":[{"count":51,"href":"https:\/\/www.moviecops.ch\/wordpress\/index.php?rest_route=\/wp\/v2\/pages\/31\/revisions"}],"predecessor-version":[{"id":5076,"href":"https:\/\/www.moviecops.ch\/wordpress\/index.php?rest_route=\/wp\/v2\/pages\/31\/revisions\/5076"}],"up":[{"embeddable":true,"href":"https:\/\/www.moviecops.ch\/wordpress\/index.php?rest_route=\/wp\/v2\/pages\/5714"}],"wp:attachment":[{"href":"https:\/\/www.moviecops.ch\/wordpress\/index.php?rest_route=%2Fwp%2Fv2%2Fmedia&parent=31"}],"curies":[{"name":"wp","href":"https:\/\/api.w.org\/{rel}","templated":true}]}}