{"id":2245,"date":"2014-09-28T13:26:06","date_gmt":"2014-09-28T13:26:06","guid":{"rendered":"http:\/\/www.moviecops.ch\/wordpress\/?page_id=2245"},"modified":"2018-02-18T15:11:49","modified_gmt":"2018-02-18T15:11:49","slug":"prufberichte","status":"publish","type":"page","link":"https:\/\/www.moviecops.ch\/wordpress\/?page_id=2245","title":{"rendered":"Ermittlungen"},"content":{"rendered":"<p>Hier findet ihr alle <em>Texte<\/em> unseres <strong>verdeckten Ermittlers<\/strong> <em>(8 and counting)<\/em> als \u00dcbersicht:<\/p>\n<p><a href=\"https:\/\/www.moviecops.ch\/wordpress\/?p=2249\">Pr\u00fcfbericht #1: ARNIE 2.0 | KASSENGIFT ODER SEINER ZEIT VORAUS?<\/a><br \/>\n<a href=\"https:\/\/www.moviecops.ch\/wordpress\/?p=2352\">Pr\u00fcfbericht #2: THE SIMPSONS GUY | Das Crossover Spektakel des Jahres<\/a><br \/>\n<a href=\"https:\/\/www.moviecops.ch\/wordpress\/?p=2523\">Sonderbericht #1: MARS presents THE TRAIL<\/a><br \/>\n<a href=\"https:\/\/www.moviecops.ch\/wordpress\/?p=2845\">Sonderbericht #2: DER HEXENJ\u00c4GER | Ein Blick in die Geschichte<\/a><br \/>\n<a href=\"https:\/\/www.moviecops.ch\/wordpress\/?p=3074\">Sonderbericht #3: SADICONAZISTA<\/a><br \/>\n<a href=\"https:\/\/www.moviecops.ch\/wordpress\/?p=3074\">Sonderbericht #4: WEEKEND OF FEAR | Festival-Bericht<\/a><br \/>\n<a href=\"https:\/\/www.moviecops.ch\/wordpress\/?p=3589\">Sonderbericht #5: MEDIEN \/ KULTUR 8 | Zur globalen Zirkulation des Western-Genres<\/a><br \/>\n<a href=\"https:\/\/www.moviecops.ch\/wordpress\/?p=3717\">Sonderbericht #6: ABSOLUTIO | Review &#038; Interview<\/a><br \/>\n<a href=\"https:\/\/www.moviecops.ch\/wordpress\/?p=3789\">Sonderbericht #7: VIDEO REBELLEN | Vorstellung &#038; Interview<\/a><\/p>\n","protected":false},"excerpt":{"rendered":"<p>Hier findet ihr alle Texte unseres verdeckten Ermittlers (8 and counting) als \u00dcbersicht: Pr\u00fcfbericht #1: ARNIE 2.0 | KASSENGIFT ODER SEINER ZEIT VORAUS? Pr\u00fcfbericht #2: THE SIMPSONS GUY | Das Crossover Spektakel des Jahres Sonderbericht #1: MARS presents THE TRAIL &hellip; <a href=\"https:\/\/www.moviecops.ch\/wordpress\/?page_id=2245\">Continue reading <span class=\"meta-nav\">&rarr;<\/span><\/a><\/p>\n","protected":false},"author":1,"featured_media":0,"parent":5716,"menu_order":3,"comment_status":"open","ping_status":"open","template":"","meta":{"jetpack_post_was_ever_published":false,"footnotes":""},"class_list":["post-2245","page","type-page","status-publish","hentry"],"jetpack_sharing_enabled":true,"jetpack_shortlink":"https:\/\/wp.me\/P5RqEv-Ad","jetpack-related-posts":[],"_links":{"self":[{"href":"https:\/\/www.moviecops.ch\/wordpress\/index.php?rest_route=\/wp\/v2\/pages\/2245","targetHints":{"allow":["GET"]}}],"collection":[{"href":"https:\/\/www.moviecops.ch\/wordpress\/index.php?rest_route=\/wp\/v2\/pages"}],"about":[{"href":"https:\/\/www.moviecops.ch\/wordpress\/index.php?rest_route=\/wp\/v2\/types\/page"}],"author":[{"embeddable":true,"href":"https:\/\/www.moviecops.ch\/wordpress\/index.php?rest_route=\/wp\/v2\/users\/1"}],"replies":[{"embeddable":true,"href":"https:\/\/www.moviecops.ch\/wordpress\/index.php?rest_route=%2Fwp%2Fv2%2Fcomments&post=2245"}],"version-history":[{"count":15,"href":"https:\/\/www.moviecops.ch\/wordpress\/index.php?rest_route=\/wp\/v2\/pages\/2245\/revisions"}],"predecessor-version":[{"id":3798,"href":"https:\/\/www.moviecops.ch\/wordpress\/index.php?rest_route=\/wp\/v2\/pages\/2245\/revisions\/3798"}],"up":[{"embeddable":true,"href":"https:\/\/www.moviecops.ch\/wordpress\/index.php?rest_route=\/wp\/v2\/pages\/5716"}],"wp:attachment":[{"href":"https:\/\/www.moviecops.ch\/wordpress\/index.php?rest_route=%2Fwp%2Fv2%2Fmedia&parent=2245"}],"curies":[{"name":"wp","href":"https:\/\/api.w.org\/{rel}","templated":true}]}}