{"id":2,"date":"2010-06-18T20:51:35","date_gmt":"2010-06-18T20:51:35","guid":{"rendered":"http:\/\/www.moviecops.ch\/wordpress\/?page_id=2"},"modified":"2018-02-18T15:08:36","modified_gmt":"2018-02-18T15:08:36","slug":"about","status":"publish","type":"page","link":"https:\/\/www.moviecops.ch\/wordpress\/?page_id=2","title":{"rendered":"Sinn &#038; Zweck"},"content":{"rendered":"<p>Filme sind f\u00fcr Fans ein herrliches Thema, \u00fcber welches sich stundenlang reden, austauschen und diskutieren l\u00e4sst. Nur selten gibt es in solchen Diskussionen ein wirkliches &#8220;richtig&#8221; oder &#8220;falsch&#8221;, denn schlussendlich ist das Meiste doch Ansichtssache. Jeder einzelne bildet sich seine eigene subjektive Meinung, und das ist auch gut so!<\/p>\n<p>&#8220;Meinungsvielfalt&#8221; ist das Stichwort dieses Blogs, welcher zeigen soll dass eine identische Meinung bei zwei verschiedenen Menschen nicht nur h\u00f6chst selten vorkommt, sondern quasi unm\u00f6glich ist. Denn auch, wenn unterschiedliche Personen zusammen etwas &#8220;gut&#8221; finden, so m\u00fcssen sie dies nicht aus dem selben Grund oder gleich stark tun.<\/p>\n<p>Es soll hier aber auch keine Sozialstudie stattfinden, denn wir &#8211; die MovieCops &#8211; wollen haupts\u00e4chlich den Spass den wir an Filmen haben mit allen Filmfans teilen, und Euch dabei mit Infos und Tipps rund um aktuelle oder auch nicht-aktuelle Filme versorgen.<\/p>\n<p><em><strong>Das Bewertungssystem wird wie folgt aussehen:<\/strong><\/em><br \/>\nMindestens eine <strong>halbe Handschelle<\/strong>, maximal <strong>5 Handschellen<\/strong>.<\/p>\n<p>Unsere Rollenaufteilung in <em>&#8220;Good Cop&#8221;<\/em> und <em>&#8220;Bad Cop&#8221;<\/em> ist hierbei eine reine Anlehnung an die sogenannte <em>&#8220;good cop \/ bad cop-routine&#8221;<\/em>, um das Konzept dieses Blogs etwas zu unterstreichen. In keinster Weise bedeutet dies, dass der Good Cop Filme immer besser bewertet als der Bad Cop (es kann so sein, muss es aber nicht). Oftmals sind wir uns auch einig, wobei Unterschiede in der Auffassung eines Filmes dennoch immer vorhanden sind, wenn auch nicht immer in ausgepr\u00e4gter Form.<\/p>\n<p>Es handelt sich also bei diesen Namen lediglich um unsere <em>MovieCops-Pseudonyme<\/em>&#8230;<\/p>\n<p>Das w\u00e4re alles, was Ihr wissen m\u00fcsst&#8230;und nun w\u00fcnschen wir Euch viel Spass mit unserem Blog!!! \ud83d\ude42<\/p>\n","protected":false},"excerpt":{"rendered":"<p>Filme sind f\u00fcr Fans ein herrliches Thema, \u00fcber welches sich stundenlang reden, austauschen und diskutieren l\u00e4sst. Nur selten gibt es in solchen Diskussionen ein wirkliches &#8220;richtig&#8221; oder &#8220;falsch&#8221;, denn schlussendlich ist das Meiste doch Ansichtssache. Jeder einzelne bildet sich seine &hellip; <a href=\"https:\/\/www.moviecops.ch\/wordpress\/?page_id=2\">Continue reading <span class=\"meta-nav\">&rarr;<\/span><\/a><\/p>\n","protected":false},"author":1,"featured_media":0,"parent":5714,"menu_order":1,"comment_status":"closed","ping_status":"open","template":"","meta":{"jetpack_post_was_ever_published":false,"footnotes":""},"class_list":["post-2","page","type-page","status-publish","hentry"],"jetpack_sharing_enabled":true,"jetpack_shortlink":"https:\/\/wp.me\/P5RqEv-2","jetpack-related-posts":[],"_links":{"self":[{"href":"https:\/\/www.moviecops.ch\/wordpress\/index.php?rest_route=\/wp\/v2\/pages\/2","targetHints":{"allow":["GET"]}}],"collection":[{"href":"https:\/\/www.moviecops.ch\/wordpress\/index.php?rest_route=\/wp\/v2\/pages"}],"about":[{"href":"https:\/\/www.moviecops.ch\/wordpress\/index.php?rest_route=\/wp\/v2\/types\/page"}],"author":[{"embeddable":true,"href":"https:\/\/www.moviecops.ch\/wordpress\/index.php?rest_route=\/wp\/v2\/users\/1"}],"replies":[{"embeddable":true,"href":"https:\/\/www.moviecops.ch\/wordpress\/index.php?rest_route=%2Fwp%2Fv2%2Fcomments&post=2"}],"version-history":[{"count":10,"href":"https:\/\/www.moviecops.ch\/wordpress\/index.php?rest_route=\/wp\/v2\/pages\/2\/revisions"}],"predecessor-version":[{"id":338,"href":"https:\/\/www.moviecops.ch\/wordpress\/index.php?rest_route=\/wp\/v2\/pages\/2\/revisions\/338"}],"up":[{"embeddable":true,"href":"https:\/\/www.moviecops.ch\/wordpress\/index.php?rest_route=\/wp\/v2\/pages\/5714"}],"wp:attachment":[{"href":"https:\/\/www.moviecops.ch\/wordpress\/index.php?rest_route=%2Fwp%2Fv2%2Fmedia&parent=2"}],"curies":[{"name":"wp","href":"https:\/\/api.w.org\/{rel}","templated":true}]}}